{"id":3191,"date":"2024-09-30T09:01:48","date_gmt":"2024-09-30T09:01:48","guid":{"rendered":"https:\/\/ilcentro.net\/grazie\/"},"modified":"2025-07-12T15:41:41","modified_gmt":"2025-07-12T15:41:41","slug":"grazie","status":"publish","type":"page","link":"https:\/\/ilcentro.net\/it\/grazie\/","title":{"rendered":"Grazie"},"content":{"rendered":"\t\t<div data-elementor-type=\"wp-page\" data-elementor-id=\"3191\" class=\"elementor elementor-3191 elementor-351\" data-elementor-post-type=\"page\">\n\t\t\t\t<div class=\"elementor-element elementor-element-34e3f09 e-flex e-con-boxed e-con e-parent\" data-id=\"34e3f09\" data-element_type=\"container\" data-settings=\"{&quot;background_background&quot;:&quot;classic&quot;}\">\n\t\t\t\t\t<div class=\"e-con-inner\">\n\t\t\t\t<div class=\"elementor-element elementor-element-01ffef6 elementor-widget elementor-widget-heading\" data-id=\"01ffef6\" data-element_type=\"widget\" data-widget_type=\"heading.default\">\n\t\t\t\t<div class=\"elementor-widget-container\">\n\t\t\t<style>\/*! elementor - v3.23.0 - 05-08-2024 *\/\n.elementor-heading-title{padding:0;margin:0;line-height:1}.elementor-widget-heading .elementor-heading-title[class*=elementor-size-]>a{color:inherit;font-size:inherit;line-height:inherit}.elementor-widget-heading .elementor-heading-title.elementor-size-small{font-size:15px}.elementor-widget-heading .elementor-heading-title.elementor-size-medium{font-size:19px}.elementor-widget-heading .elementor-heading-title.elementor-size-large{font-size:29px}.elementor-widget-heading .elementor-heading-title.elementor-size-xl{font-size:39px}.elementor-widget-heading .elementor-heading-title.elementor-size-xxl{font-size:59px}<\/style><h2 class=\"elementor-heading-title elementor-size-default\">Grazie per averci scelto!<\/h2>\t\t<\/div>\n\t\t\t\t<\/div>\n\t\t\t\t<div class=\"elementor-element elementor-element-aea5d54 elementor-widget elementor-widget-text-editor\" data-id=\"aea5d54\" data-element_type=\"widget\" data-widget_type=\"text-editor.default\">\n\t\t\t\t<div class=\"elementor-widget-container\">\n\t\t\t<style>\/*! elementor - v3.23.0 - 05-08-2024 *\/\n.elementor-widget-text-editor.elementor-drop-cap-view-stacked .elementor-drop-cap{background-color:#69727d;color:#fff}.elementor-widget-text-editor.elementor-drop-cap-view-framed .elementor-drop-cap{color:#69727d;border:3px solid;background-color:transparent}.elementor-widget-text-editor:not(.elementor-drop-cap-view-default) .elementor-drop-cap{margin-top:8px}.elementor-widget-text-editor:not(.elementor-drop-cap-view-default) .elementor-drop-cap-letter{width:1em;height:1em}.elementor-widget-text-editor .elementor-drop-cap{float:left;text-align:center;line-height:1;font-size:50px}.elementor-widget-text-editor .elementor-drop-cap-letter{display:inline-block}<\/style>\t\t\t\t<p>Siamo entusiasti di averti come parte della nostra comunit\u00e0. Il tuo sostegno ci aiuta a continuare a fornire i servizi e le esperienze di alta qualit\u00e0 che meriti. <\/p>\n<p><b>Cosa succede dopo?<br><\/b>Il nostro team esaminer\u00e0 la tua richiesta e ti risponder\u00e0 a breve con tutti i dettagli necessari. Se nel frattempo avessi bisogno di ulteriore assistenza, non esitare a contattarci. <\/p>\n<p><b>Siamo qui per aiutarti!<br><\/b>Se hai domande o hai bisogno di assistenza immediata, non esitare a contattarci su <strong>Whatsapp<\/strong> al numero<strong> +39 377 0914555 <\/strong>o<strong> via e-mail <\/strong>all&#8217;indirizzo <strong>ilcentro@ilcentro.net.<\/strong><\/p>\t\t\t\t\t\t<\/div>\n\t\t\t\t<\/div>\n\t\t\t\t\t<\/div>\n\t\t\t\t<\/div>\n\t\t<div class=\"elementor-element elementor-element-b5609f9 e-flex e-con-boxed e-con e-parent\" data-id=\"b5609f9\" data-element_type=\"container\">\n\t\t\t\t\t<div class=\"e-con-inner\">\n\t\t\t\t<div class=\"elementor-element elementor-element-8746272 elementor-widget elementor-widget-html\" data-id=\"8746272\" data-element_type=\"widget\" data-widget_type=\"html.default\">\n\t\t\t\t<div class=\"elementor-widget-container\">\n\t\t\t<a href=\"https:\/\/flywire.com\/pay\/ilcentro\" target=\"_blank\"> <img data-opt-src=\"https:\/\/assets.flywire.com\/banners\/pay-now-flywire-banner-1280x320.jpg\"  decoding=\"async\" decoding=async data-opt-id=651104341   src=\"data:image/svg+xml,%3Csvg%20viewBox%3D%220%200%201280%20320%22%20width%3D%221280%22%20height%3D%22320%22%20xmlns%3D%22http%3A%2F%2Fwww.w3.org%2F2000%2Fsvg%22%3E%3Crect%20width%3D%221280%22%20height%3D%22320%22%20fill%3D%22transparent%22%2F%3E%3C%2Fsvg%3E\" alt=\"Click here to pay now with Flywire\"\/><\/a>\t\t<\/div>\n\t\t\t\t<\/div>\n\t\t\t\t\t<\/div>\n\t\t\t\t<\/div>\n\t\t\t\t<\/div>\n\t\t","protected":false},"excerpt":{"rendered":"<p>Grazie per averci scelto! Siamo entusiasti di averti come parte della nostra comunit\u00e0. Il tuo sostegno ci aiuta a continuare a fornire i servizi e le esperienze di alta qualit\u00e0 che meriti. Cosa succede dopo?Il nostro team esaminer\u00e0 la tua richiesta e ti risponder\u00e0 a breve con tutti i dettagli necessari. Se nel frattempo avessi [&hellip;]<\/p>\n","protected":false},"author":3,"featured_media":0,"parent":0,"menu_order":0,"comment_status":"closed","ping_status":"closed","template":"","meta":{"_acf_changed":false,"_joinchat":[],"footnotes":""},"class_list":["post-3191","page","type-page","status-publish","hentry"],"acf":[],"yoast_head":"<!-- This site is optimized with the Yoast SEO Premium plugin v27.4 (Yoast SEO v27.4) - https:\/\/yoast.com\/product\/yoast-seo-premium-wordpress\/ -->\n<title>Grazie - Imparare l&#039;Italiano in Italia \u2013 Scuola e corsi di lingua italiana a Milano e online | Il Centro<\/title>\n<meta name=\"robots\" content=\"index, follow, max-snippet:-1, max-image-preview:large, max-video-preview:-1\" \/>\n<link rel=\"canonical\" href=\"https:\/\/ilcentro.net\/it\/grazie\/\" \/>\n<meta property=\"og:locale\" content=\"it_IT\" \/>\n<meta property=\"og:type\" content=\"article\" \/>\n<meta property=\"og:title\" content=\"Grazie\" \/>\n<meta property=\"og:description\" content=\"Grazie per averci scelto! Siamo entusiasti di averti come parte della nostra comunit\u00e0. Il tuo sostegno ci aiuta a continuare a fornire i servizi e le esperienze di alta qualit\u00e0 che meriti. Cosa succede dopo?Il nostro team esaminer\u00e0 la tua richiesta e ti risponder\u00e0 a breve con tutti i dettagli necessari. Se nel frattempo avessi [&hellip;]\" \/>\n<meta property=\"og:url\" content=\"https:\/\/ilcentro.net\/it\/grazie\/\" \/>\n<meta property=\"og:site_name\" content=\"Imparare l&#039;Italiano in Italia \u2013 Scuola e corsi di lingua italiana a Milano e online | Il Centro\" \/>\n<meta property=\"article:modified_time\" content=\"2025-07-12T15:41:41+00:00\" \/>\n<meta property=\"og:image\" content=\"https:\/\/assets.flywire.com\/banners\/pay-now-flywire-banner-1280x320.jpg\" \/>\n<meta name=\"twitter:card\" content=\"summary_large_image\" \/>\n<meta name=\"twitter:label1\" content=\"Tempo di lettura stimato\" \/>\n\t<meta name=\"twitter:data1\" content=\"1 minuto\" \/>\n<script type=\"application\/ld+json\" class=\"yoast-schema-graph\">{\"@context\":\"https:\\\/\\\/schema.org\",\"@graph\":[{\"@type\":\"WebPage\",\"@id\":\"https:\\\/\\\/ilcentro.net\\\/it\\\/grazie\\\/\",\"url\":\"https:\\\/\\\/ilcentro.net\\\/it\\\/grazie\\\/\",\"name\":\"Grazie - Imparare l&#039;Italiano in Italia \u2013 Scuola e corsi di lingua italiana a Milano e online | Il Centro\",\"isPartOf\":{\"@id\":\"https:\\\/\\\/ilcentro.net\\\/it\\\/#website\"},\"primaryImageOfPage\":{\"@id\":\"https:\\\/\\\/ilcentro.net\\\/it\\\/grazie\\\/#primaryimage\"},\"image\":{\"@id\":\"https:\\\/\\\/ilcentro.net\\\/it\\\/grazie\\\/#primaryimage\"},\"thumbnailUrl\":\"https:\\/\\/assets.flywire.com\\/banners\\/pay-now-flywire-banner-1280x320.jpg\",\"datePublished\":\"2024-09-30T09:01:48+00:00\",\"dateModified\":\"2025-07-12T15:41:41+00:00\",\"breadcrumb\":{\"@id\":\"https:\\\/\\\/ilcentro.net\\\/it\\\/grazie\\\/#breadcrumb\"},\"inLanguage\":\"it-IT\",\"potentialAction\":[{\"@type\":\"ReadAction\",\"target\":[\"https:\\\/\\\/ilcentro.net\\\/it\\\/grazie\\\/\"]}]},{\"@type\":\"ImageObject\",\"inLanguage\":\"it-IT\",\"@id\":\"https:\\\/\\\/ilcentro.net\\\/it\\\/grazie\\\/#primaryimage\",\"url\":\"https:\\/\\/assets.flywire.com\\/banners\\/pay-now-flywire-banner-1280x320.jpg\",\"contentUrl\":\"https:\\/\\/assets.flywire.com\\/banners\\/pay-now-flywire-banner-1280x320.jpg\"},{\"@type\":\"BreadcrumbList\",\"@id\":\"https:\\\/\\\/ilcentro.net\\\/it\\\/grazie\\\/#breadcrumb\",\"itemListElement\":[{\"@type\":\"ListItem\",\"position\":1,\"name\":\"Home\",\"item\":\"https:\\\/\\\/ilcentro.net\\\/it\\\/\"},{\"@type\":\"ListItem\",\"position\":2,\"name\":\"Grazie\"}]},{\"@type\":\"WebSite\",\"@id\":\"https:\\\/\\\/ilcentro.net\\\/it\\\/#website\",\"url\":\"https:\\\/\\\/ilcentro.net\\\/it\\\/\",\"name\":\"Il Centro\",\"description\":\"Corsi di lingua italiana e scuola per stranieri, a Milano e Online\",\"publisher\":{\"@id\":\"https:\\\/\\\/ilcentro.net\\\/it\\\/#organization\"},\"potentialAction\":[{\"@type\":\"SearchAction\",\"target\":{\"@type\":\"EntryPoint\",\"urlTemplate\":\"https:\\\/\\\/ilcentro.net\\\/it\\\/?s={search_term_string}\"},\"query-input\":{\"@type\":\"PropertyValueSpecification\",\"valueRequired\":true,\"valueName\":\"search_term_string\"}}],\"inLanguage\":\"it-IT\"},{\"@type\":\"Organization\",\"@id\":\"https:\\\/\\\/ilcentro.net\\\/it\\\/#organization\",\"name\":\"Il Centro\",\"url\":\"https:\\\/\\\/ilcentro.net\\\/it\\\/\",\"logo\":{\"@type\":\"ImageObject\",\"inLanguage\":\"it-IT\",\"@id\":\"https:\\\/\\\/ilcentro.net\\\/it\\\/#\\\/schema\\\/logo\\\/image\\\/\",\"url\":\"https:\\/\\/ilcentro.net\\/wp-content\\/uploads\\/2024\\/09\\/ilcentro_logo-1.jpg\",\"contentUrl\":\"https:\\/\\/ilcentro.net\\/wp-content\\/uploads\\/2024\\/09\\/ilcentro_logo-1.jpg\",\"width\":304,\"height\":118,\"caption\":\"Il Centro\"},\"image\":{\"@id\":\"https:\\\/\\\/ilcentro.net\\\/it\\\/#\\\/schema\\\/logo\\\/image\\\/\"}}]}<\/script>\n<!-- \/ Yoast SEO Premium plugin. -->","yoast_head_json":{"title":"Grazie - Imparare l&#039;Italiano in Italia \u2013 Scuola e corsi di lingua italiana a Milano e online | Il Centro","robots":{"index":"index","follow":"follow","max-snippet":"max-snippet:-1","max-image-preview":"max-image-preview:large","max-video-preview":"max-video-preview:-1"},"canonical":"https:\/\/ilcentro.net\/it\/grazie\/","og_locale":"it_IT","og_type":"article","og_title":"Grazie","og_description":"Grazie per averci scelto! Siamo entusiasti di averti come parte della nostra comunit\u00e0. Il tuo sostegno ci aiuta a continuare a fornire i servizi e le esperienze di alta qualit\u00e0 che meriti. Cosa succede dopo?Il nostro team esaminer\u00e0 la tua richiesta e ti risponder\u00e0 a breve con tutti i dettagli necessari. Se nel frattempo avessi [&hellip;]","og_url":"https:\/\/ilcentro.net\/it\/grazie\/","og_site_name":"Imparare l&#039;Italiano in Italia \u2013 Scuola e corsi di lingua italiana a Milano e online | Il Centro","article_modified_time":"2025-07-12T15:41:41+00:00","og_image":[{"url":"https:\/\/assets.flywire.com\/banners\/pay-now-flywire-banner-1280x320.jpg","type":"","width":"","height":""}],"twitter_card":"summary_large_image","twitter_misc":{"Tempo di lettura stimato":"1 minuto"},"schema":{"@context":"https:\/\/schema.org","@graph":[{"@type":"WebPage","@id":"https:\/\/ilcentro.net\/it\/grazie\/","url":"https:\/\/ilcentro.net\/it\/grazie\/","name":"Grazie - Imparare l&#039;Italiano in Italia \u2013 Scuola e corsi di lingua italiana a Milano e online | Il Centro","isPartOf":{"@id":"https:\/\/ilcentro.net\/it\/#website"},"primaryImageOfPage":{"@id":"https:\/\/ilcentro.net\/it\/grazie\/#primaryimage"},"image":{"@id":"https:\/\/ilcentro.net\/it\/grazie\/#primaryimage"},"thumbnailUrl":"https:\/\/assets.flywire.com\/banners\/pay-now-flywire-banner-1280x320.jpg","datePublished":"2024-09-30T09:01:48+00:00","dateModified":"2025-07-12T15:41:41+00:00","breadcrumb":{"@id":"https:\/\/ilcentro.net\/it\/grazie\/#breadcrumb"},"inLanguage":"it-IT","potentialAction":[{"@type":"ReadAction","target":["https:\/\/ilcentro.net\/it\/grazie\/"]}]},{"@type":"ImageObject","inLanguage":"it-IT","@id":"https:\/\/ilcentro.net\/it\/grazie\/#primaryimage","url":"https:\/\/assets.flywire.com\/banners\/pay-now-flywire-banner-1280x320.jpg","contentUrl":"https:\/\/assets.flywire.com\/banners\/pay-now-flywire-banner-1280x320.jpg"},{"@type":"BreadcrumbList","@id":"https:\/\/ilcentro.net\/it\/grazie\/#breadcrumb","itemListElement":[{"@type":"ListItem","position":1,"name":"Home","item":"https:\/\/ilcentro.net\/it\/"},{"@type":"ListItem","position":2,"name":"Grazie"}]},{"@type":"WebSite","@id":"https:\/\/ilcentro.net\/it\/#website","url":"https:\/\/ilcentro.net\/it\/","name":"Il Centro","description":"Corsi di lingua italiana e scuola per stranieri, a Milano e Online","publisher":{"@id":"https:\/\/ilcentro.net\/it\/#organization"},"potentialAction":[{"@type":"SearchAction","target":{"@type":"EntryPoint","urlTemplate":"https:\/\/ilcentro.net\/it\/?s={search_term_string}"},"query-input":{"@type":"PropertyValueSpecification","valueRequired":true,"valueName":"search_term_string"}}],"inLanguage":"it-IT"},{"@type":"Organization","@id":"https:\/\/ilcentro.net\/it\/#organization","name":"Il Centro","url":"https:\/\/ilcentro.net\/it\/","logo":{"@type":"ImageObject","inLanguage":"it-IT","@id":"https:\/\/ilcentro.net\/it\/#\/schema\/logo\/image\/","url":"https:\/\/mli3dflm07d6.i.optimole.com\/cb:1X0z.189\/w:auto\/h:auto\/q:mauto\/f:best\/https:\/\/ilcentro.net\/wp-content\/uploads\/2024\/09\/ilcentro_logo-1.jpg","contentUrl":"https:\/\/mli3dflm07d6.i.optimole.com\/cb:1X0z.189\/w:auto\/h:auto\/q:mauto\/f:best\/https:\/\/ilcentro.net\/wp-content\/uploads\/2024\/09\/ilcentro_logo-1.jpg","width":304,"height":118,"caption":"Il Centro"},"image":{"@id":"https:\/\/ilcentro.net\/it\/#\/schema\/logo\/image\/"}}]}},"_links":{"self":[{"href":"https:\/\/ilcentro.net\/it\/wp-json\/wp\/v2\/pages\/3191","targetHints":{"allow":["GET"]}}],"collection":[{"href":"https:\/\/ilcentro.net\/it\/wp-json\/wp\/v2\/pages"}],"about":[{"href":"https:\/\/ilcentro.net\/it\/wp-json\/wp\/v2\/types\/page"}],"author":[{"embeddable":true,"href":"https:\/\/ilcentro.net\/it\/wp-json\/wp\/v2\/users\/3"}],"replies":[{"embeddable":true,"href":"https:\/\/ilcentro.net\/it\/wp-json\/wp\/v2\/comments?post=3191"}],"version-history":[{"count":4,"href":"https:\/\/ilcentro.net\/it\/wp-json\/wp\/v2\/pages\/3191\/revisions"}],"predecessor-version":[{"id":16354,"href":"https:\/\/ilcentro.net\/it\/wp-json\/wp\/v2\/pages\/3191\/revisions\/16354"}],"wp:attachment":[{"href":"https:\/\/ilcentro.net\/it\/wp-json\/wp\/v2\/media?parent=3191"}],"curies":[{"name":"wp","href":"https:\/\/api.w.org\/{rel}","templated":true}]}}