{"id":3181,"date":"2024-12-05T05:34:23","date_gmt":"2024-12-05T05:34:23","guid":{"rendered":"https:\/\/ilcentro.net\/blog\/"},"modified":"2025-02-01T14:53:41","modified_gmt":"2025-02-01T14:53:41","slug":"blog","status":"publish","type":"page","link":"https:\/\/ilcentro.net\/de\/blog\/","title":{"rendered":"Blog"},"content":{"rendered":"","protected":false},"excerpt":{"rendered":"","protected":false},"author":1,"featured_media":25860,"parent":0,"menu_order":0,"comment_status":"closed","ping_status":"closed","template":"","meta":{"_acf_changed":false,"_joinchat":[],"footnotes":""},"class_list":["post-3181","page","type-page","status-publish","has-post-thumbnail","hentry"],"acf":[],"yoast_head":"<!-- This site is optimized with the Yoast SEO Premium plugin v27.4 (Yoast SEO v27.4) - https:\/\/yoast.com\/product\/yoast-seo-premium-wordpress\/ -->\n<title>Blog | Italienischkurse und Sprachschule in Mailand \u2013 Il Centro<\/title>\n<meta name=\"description\" content=\"Willkommen im Blog unserer Italienischkurse und Sprachschule f\u00fcr Ausl\u00e4nder. Neuigkeiten, Kuriosit\u00e4ten und kostenlose Italienisch-\u00dcbungen!\" \/>\n<meta name=\"robots\" content=\"index, follow, max-snippet:-1, max-image-preview:large, max-video-preview:-1\" \/>\n<link rel=\"canonical\" href=\"https:\/\/ilcentro.net\/de\/blog\/\" \/>\n<meta property=\"og:locale\" content=\"de_DE\" \/>\n<meta property=\"og:type\" content=\"article\" \/>\n<meta property=\"og:title\" content=\"Blog\" \/>\n<meta property=\"og:description\" content=\"Willkommen im Blog unserer Italienischkurse und Sprachschule f\u00fcr Ausl\u00e4nder. Neuigkeiten, Kuriosit\u00e4ten und kostenlose Italienisch-\u00dcbungen!\" \/>\n<meta property=\"og:url\" content=\"https:\/\/ilcentro.net\/de\/blog\/\" \/>\n<meta property=\"og:site_name\" content=\"Italienisch in Italien lernen | Sprachschule und Kurse in Mailand \u2013 Il Centro\" \/>\n<meta property=\"article:modified_time\" content=\"2025-02-01T14:53:41+00:00\" \/>\n<meta property=\"og:image\" content=\"https:\/\/mli3dflm07d6.i.optimole.com\/cb:1X0z.189\/w:auto\/h:auto\/q:mauto\/f:best\/https:\/\/ilcentro.net\/wp-content\/uploads\/2024\/09\/courses.jpg\" \/>\n\t<meta property=\"og:image:width\" content=\"734\" \/>\n\t<meta property=\"og:image:height\" content=\"490\" \/>\n\t<meta property=\"og:image:type\" content=\"image\/jpeg\" \/>\n<meta name=\"twitter:card\" content=\"summary_large_image\" \/>\n<script type=\"application\/ld+json\" class=\"yoast-schema-graph\">{\"@context\":\"https:\\\/\\\/schema.org\",\"@graph\":[{\"@type\":\"WebPage\",\"@id\":\"https:\\\/\\\/ilcentro.net\\\/de\\\/blog\\\/\",\"url\":\"https:\\\/\\\/ilcentro.net\\\/de\\\/blog\\\/\",\"name\":\"Blog | Italienischkurse und Sprachschule in Mailand \u2013 Il Centro\",\"isPartOf\":{\"@id\":\"https:\\\/\\\/ilcentro.net\\\/de\\\/#website\"},\"primaryImageOfPage\":{\"@id\":\"https:\\\/\\\/ilcentro.net\\\/de\\\/blog\\\/#primaryimage\"},\"image\":{\"@id\":\"https:\\\/\\\/ilcentro.net\\\/de\\\/blog\\\/#primaryimage\"},\"thumbnailUrl\":\"https:\\/\\/ilcentro.net\\/wp-content\\/uploads\\/2025\\/11\\/museo3.jpeg\",\"datePublished\":\"2024-12-05T05:34:23+00:00\",\"dateModified\":\"2025-02-01T14:53:41+00:00\",\"description\":\"Willkommen im Blog unserer Italienischkurse und Sprachschule f\u00fcr Ausl\u00e4nder. Neuigkeiten, Kuriosit\u00e4ten und kostenlose Italienisch-\u00dcbungen!\",\"breadcrumb\":{\"@id\":\"https:\\\/\\\/ilcentro.net\\\/de\\\/blog\\\/#breadcrumb\"},\"inLanguage\":\"de\",\"potentialAction\":[{\"@type\":\"ReadAction\",\"target\":[\"https:\\\/\\\/ilcentro.net\\\/de\\\/blog\\\/\"]}]},{\"@type\":\"ImageObject\",\"inLanguage\":\"de\",\"@id\":\"https:\\\/\\\/ilcentro.net\\\/de\\\/blog\\\/#primaryimage\",\"url\":\"https:\\/\\/ilcentro.net\\/wp-content\\/uploads\\/2025\\/11\\/museo3.jpeg\",\"contentUrl\":\"https:\\/\\/ilcentro.net\\/wp-content\\/uploads\\/2025\\/11\\/museo3.jpeg\",\"width\":1600,\"height\":1200,\"caption\":\"Italian language blog with tips, grammar guides and real-life examples. Improve your Italian and discover culture, lifestyle and language insights.\"},{\"@type\":\"BreadcrumbList\",\"@id\":\"https:\\\/\\\/ilcentro.net\\\/de\\\/blog\\\/#breadcrumb\",\"itemListElement\":[{\"@type\":\"ListItem\",\"position\":1,\"name\":\"Home\",\"item\":\"https:\\\/\\\/ilcentro.net\\\/de\\\/\"},{\"@type\":\"ListItem\",\"position\":2,\"name\":\"Blog\"}]},{\"@type\":\"WebSite\",\"@id\":\"https:\\\/\\\/ilcentro.net\\\/de\\\/#website\",\"url\":\"https:\\\/\\\/ilcentro.net\\\/de\\\/\",\"name\":\"Il Centro\",\"description\":\"Italienischkurse und Sprachschule f\u00fcr Ausl\u00e4nder\",\"publisher\":{\"@id\":\"https:\\\/\\\/ilcentro.net\\\/de\\\/#organization\"},\"potentialAction\":[{\"@type\":\"SearchAction\",\"target\":{\"@type\":\"EntryPoint\",\"urlTemplate\":\"https:\\\/\\\/ilcentro.net\\\/de\\\/?s={search_term_string}\"},\"query-input\":{\"@type\":\"PropertyValueSpecification\",\"valueRequired\":true,\"valueName\":\"search_term_string\"}}],\"inLanguage\":\"de\"},{\"@type\":\"Organization\",\"@id\":\"https:\\\/\\\/ilcentro.net\\\/de\\\/#organization\",\"name\":\"Il Centro\",\"url\":\"https:\\\/\\\/ilcentro.net\\\/de\\\/\",\"logo\":{\"@type\":\"ImageObject\",\"inLanguage\":\"de\",\"@id\":\"https:\\\/\\\/ilcentro.net\\\/de\\\/#\\\/schema\\\/logo\\\/image\\\/\",\"url\":\"https:\\/\\/ilcentro.net\\/wp-content\\/uploads\\/2024\\/09\\/ilcentro_logo-1.jpg\",\"contentUrl\":\"https:\\/\\/ilcentro.net\\/wp-content\\/uploads\\/2024\\/09\\/ilcentro_logo-1.jpg\",\"width\":304,\"height\":118,\"caption\":\"Il Centro\"},\"image\":{\"@id\":\"https:\\\/\\\/ilcentro.net\\\/de\\\/#\\\/schema\\\/logo\\\/image\\\/\"}}]}<\/script>\n<!-- \/ Yoast SEO Premium plugin. -->","yoast_head_json":{"title":"Blog | Italienischkurse und Sprachschule in Mailand \u2013 Il Centro","description":"Willkommen im Blog unserer Italienischkurse und Sprachschule f\u00fcr Ausl\u00e4nder. Neuigkeiten, Kuriosit\u00e4ten und kostenlose Italienisch-\u00dcbungen!","robots":{"index":"index","follow":"follow","max-snippet":"max-snippet:-1","max-image-preview":"max-image-preview:large","max-video-preview":"max-video-preview:-1"},"canonical":"https:\/\/ilcentro.net\/de\/blog\/","og_locale":"de_DE","og_type":"article","og_title":"Blog","og_description":"Willkommen im Blog unserer Italienischkurse und Sprachschule f\u00fcr Ausl\u00e4nder. Neuigkeiten, Kuriosit\u00e4ten und kostenlose Italienisch-\u00dcbungen!","og_url":"https:\/\/ilcentro.net\/de\/blog\/","og_site_name":"Italienisch in Italien lernen | Sprachschule und Kurse in Mailand \u2013 Il Centro","article_modified_time":"2025-02-01T14:53:41+00:00","og_image":[{"width":734,"height":490,"url":"https:\/\/mli3dflm07d6.i.optimole.com\/cb:1X0z.189\/w:auto\/h:auto\/q:mauto\/f:best\/https:\/\/ilcentro.net\/wp-content\/uploads\/2024\/09\/courses.jpg","type":"image\/jpeg"}],"twitter_card":"summary_large_image","schema":{"@context":"https:\/\/schema.org","@graph":[{"@type":"WebPage","@id":"https:\/\/ilcentro.net\/de\/blog\/","url":"https:\/\/ilcentro.net\/de\/blog\/","name":"Blog | Italienischkurse und Sprachschule in Mailand \u2013 Il Centro","isPartOf":{"@id":"https:\/\/ilcentro.net\/de\/#website"},"primaryImageOfPage":{"@id":"https:\/\/ilcentro.net\/de\/blog\/#primaryimage"},"image":{"@id":"https:\/\/ilcentro.net\/de\/blog\/#primaryimage"},"thumbnailUrl":"https:\/\/mli3dflm07d6.i.optimole.com\/cb:1X0z.189\/w:auto\/h:auto\/q:mauto\/f:best\/https:\/\/ilcentro.net\/wp-content\/uploads\/2025\/11\/museo3.jpeg","datePublished":"2024-12-05T05:34:23+00:00","dateModified":"2025-02-01T14:53:41+00:00","description":"Willkommen im Blog unserer Italienischkurse und Sprachschule f\u00fcr Ausl\u00e4nder. Neuigkeiten, Kuriosit\u00e4ten und kostenlose Italienisch-\u00dcbungen!","breadcrumb":{"@id":"https:\/\/ilcentro.net\/de\/blog\/#breadcrumb"},"inLanguage":"de","potentialAction":[{"@type":"ReadAction","target":["https:\/\/ilcentro.net\/de\/blog\/"]}]},{"@type":"ImageObject","inLanguage":"de","@id":"https:\/\/ilcentro.net\/de\/blog\/#primaryimage","url":"https:\/\/mli3dflm07d6.i.optimole.com\/cb:1X0z.189\/w:auto\/h:auto\/q:mauto\/f:best\/https:\/\/ilcentro.net\/wp-content\/uploads\/2025\/11\/museo3.jpeg","contentUrl":"https:\/\/mli3dflm07d6.i.optimole.com\/cb:1X0z.189\/w:auto\/h:auto\/q:mauto\/f:best\/https:\/\/ilcentro.net\/wp-content\/uploads\/2025\/11\/museo3.jpeg","width":1600,"height":1200,"caption":"Italian language blog with tips, grammar guides and real-life examples. Improve your Italian and discover culture, lifestyle and language insights."},{"@type":"BreadcrumbList","@id":"https:\/\/ilcentro.net\/de\/blog\/#breadcrumb","itemListElement":[{"@type":"ListItem","position":1,"name":"Home","item":"https:\/\/ilcentro.net\/de\/"},{"@type":"ListItem","position":2,"name":"Blog"}]},{"@type":"WebSite","@id":"https:\/\/ilcentro.net\/de\/#website","url":"https:\/\/ilcentro.net\/de\/","name":"Il Centro","description":"Italienischkurse und Sprachschule f\u00fcr Ausl\u00e4nder","publisher":{"@id":"https:\/\/ilcentro.net\/de\/#organization"},"potentialAction":[{"@type":"SearchAction","target":{"@type":"EntryPoint","urlTemplate":"https:\/\/ilcentro.net\/de\/?s={search_term_string}"},"query-input":{"@type":"PropertyValueSpecification","valueRequired":true,"valueName":"search_term_string"}}],"inLanguage":"de"},{"@type":"Organization","@id":"https:\/\/ilcentro.net\/de\/#organization","name":"Il Centro","url":"https:\/\/ilcentro.net\/de\/","logo":{"@type":"ImageObject","inLanguage":"de","@id":"https:\/\/ilcentro.net\/de\/#\/schema\/logo\/image\/","url":"https:\/\/mli3dflm07d6.i.optimole.com\/cb:1X0z.189\/w:auto\/h:auto\/q:mauto\/f:best\/https:\/\/ilcentro.net\/wp-content\/uploads\/2024\/09\/ilcentro_logo-1.jpg","contentUrl":"https:\/\/mli3dflm07d6.i.optimole.com\/cb:1X0z.189\/w:auto\/h:auto\/q:mauto\/f:best\/https:\/\/ilcentro.net\/wp-content\/uploads\/2024\/09\/ilcentro_logo-1.jpg","width":304,"height":118,"caption":"Il Centro"},"image":{"@id":"https:\/\/ilcentro.net\/de\/#\/schema\/logo\/image\/"}}]}},"_links":{"self":[{"href":"https:\/\/ilcentro.net\/de\/wp-json\/wp\/v2\/pages\/3181","targetHints":{"allow":["GET"]}}],"collection":[{"href":"https:\/\/ilcentro.net\/de\/wp-json\/wp\/v2\/pages"}],"about":[{"href":"https:\/\/ilcentro.net\/de\/wp-json\/wp\/v2\/types\/page"}],"author":[{"embeddable":true,"href":"https:\/\/ilcentro.net\/de\/wp-json\/wp\/v2\/users\/1"}],"replies":[{"embeddable":true,"href":"https:\/\/ilcentro.net\/de\/wp-json\/wp\/v2\/comments?post=3181"}],"version-history":[{"count":1,"href":"https:\/\/ilcentro.net\/de\/wp-json\/wp\/v2\/pages\/3181\/revisions"}],"predecessor-version":[{"id":5567,"href":"https:\/\/ilcentro.net\/de\/wp-json\/wp\/v2\/pages\/3181\/revisions\/5567"}],"wp:featuredmedia":[{"embeddable":true,"href":"https:\/\/ilcentro.net\/de\/wp-json\/wp\/v2\/media\/25860"}],"wp:attachment":[{"href":"https:\/\/ilcentro.net\/de\/wp-json\/wp\/v2\/media?parent=3181"}],"curies":[{"name":"wp","href":"https:\/\/api.w.org\/{rel}","templated":true}]}}